{"id":384,"date":"2025-11-20T00:01:32","date_gmt":"2025-11-20T00:01:32","guid":{"rendered":"https:\/\/habitacioninsanafilms.com\/?page_id=384"},"modified":"2025-11-20T00:25:10","modified_gmt":"2025-11-20T00:25:10","slug":"gorgonia","status":"publish","type":"page","link":"https:\/\/habitacioninsanafilms.com\/index.php\/gorgonia\/","title":{"rendered":"GORGONIA"},"content":{"rendered":"<div class=\"wp-block-image\">\n<figure class=\"aligncenter size-large is-resized\"><img loading=\"lazy\" decoding=\"async\" width=\"576\" height=\"1024\" src=\"https:\/\/habitacioninsanafilms.com\/wp-content\/uploads\/2025\/11\/GORGONIA-FLYER-576x1024.jpeg\" alt=\"\" class=\"wp-image-388\" style=\"width:357px;height:auto\" srcset=\"https:\/\/habitacioninsanafilms.com\/wp-content\/uploads\/2025\/11\/GORGONIA-FLYER-576x1024.jpeg 576w, https:\/\/habitacioninsanafilms.com\/wp-content\/uploads\/2025\/11\/GORGONIA-FLYER-169x300.jpeg 169w, https:\/\/habitacioninsanafilms.com\/wp-content\/uploads\/2025\/11\/GORGONIA-FLYER.jpeg 720w\" sizes=\"auto, (max-width: 576px) 100vw, 576px\" \/><\/figure>\n<\/div>\n\n\n<p class=\"has-white-color has-text-color has-link-color has-normal-font-size wp-elements-47efe5936aad649cfc16e60aaac06296\">Las tres tripulantes del escuadr\u00f3n Gorgonia junto a una avanzada tecnolog\u00eda de IA deben llevar a cabo una misi\u00f3n rutinaria al espacio a bordo de sus naves Cetus y Forcis, sin saber que ese viaje cambiar\u00e1 sus vidas para siempre. <strong>Gorgonia<\/strong> no es solo una misi\u00f3n espacial; es un viaje a los miedos m\u00e1s profundos de sus tripulantes.<\/p>\n\n\n\n<p class=\"has-white-color has-text-color has-link-color has-normal-font-size wp-elements-98371c4cefa668ea9a0406c0be759686\">The three crew members of the Gorgonia squadron, along with advanced AI technology, must carry out a routine space mission aboard their ships Cetus and Forcis\u2014unaware that this journey will change their lives forever. Gorgonia is not just a space mission; it is a voyage into the deepest fears of its crew.<\/p>\n\n\n\n<figure class=\"wp-block-embed is-type-video is-provider-youtube wp-block-embed-youtube wp-embed-aspect-16-9 wp-has-aspect-ratio\"><div class=\"wp-block-embed__wrapper\">\n<iframe loading=\"lazy\" title=\"GORGONIA   TRAILER OFICIAL\" width=\"920\" height=\"518\" src=\"https:\/\/www.youtube.com\/embed\/K7J1wTXavvc?feature=oembed\" frameborder=\"0\" allow=\"accelerometer; autoplay; clipboard-write; encrypted-media; gyroscope; picture-in-picture; web-share\" referrerpolicy=\"strict-origin-when-cross-origin\" allowfullscreen><\/iframe>\n<\/div><\/figure>\n\n\n\n<p><\/p>\n","protected":false},"excerpt":{"rendered":"<p>Las tres tripulantes del escuadr\u00f3n Gorgonia junto a una avanzada tecnolog\u00eda de IA deben llevar a cabo una misi\u00f3n rutinaria al espacio a bordo de sus naves Cetus y Forcis,<\/p>\n<p class=\"more-link\"><a href=\"https:\/\/habitacioninsanafilms.com\/index.php\/gorgonia\/\" class=\"readmore\">Continue reading<svg class=\"icon icon-arrow-right\" aria-hidden=\"true\" role=\"img\"> <use href=\"#icon-arrow-right\" xlink:href=\"#icon-arrow-right\"><\/use> <\/svg><span class=\"screen-reader-text\">GORGONIA<\/span><\/a><\/p>\n","protected":false},"author":1,"featured_media":0,"parent":0,"menu_order":0,"comment_status":"closed","ping_status":"closed","template":"","meta":{"footnotes":""},"class_list":["post-384","page","type-page","status-publish","hentry"],"jetpack_sharing_enabled":true,"_links":{"self":[{"href":"https:\/\/habitacioninsanafilms.com\/index.php\/wp-json\/wp\/v2\/pages\/384","targetHints":{"allow":["GET"]}}],"collection":[{"href":"https:\/\/habitacioninsanafilms.com\/index.php\/wp-json\/wp\/v2\/pages"}],"about":[{"href":"https:\/\/habitacioninsanafilms.com\/index.php\/wp-json\/wp\/v2\/types\/page"}],"author":[{"embeddable":true,"href":"https:\/\/habitacioninsanafilms.com\/index.php\/wp-json\/wp\/v2\/users\/1"}],"replies":[{"embeddable":true,"href":"https:\/\/habitacioninsanafilms.com\/index.php\/wp-json\/wp\/v2\/comments?post=384"}],"version-history":[{"count":5,"href":"https:\/\/habitacioninsanafilms.com\/index.php\/wp-json\/wp\/v2\/pages\/384\/revisions"}],"predecessor-version":[{"id":392,"href":"https:\/\/habitacioninsanafilms.com\/index.php\/wp-json\/wp\/v2\/pages\/384\/revisions\/392"}],"wp:attachment":[{"href":"https:\/\/habitacioninsanafilms.com\/index.php\/wp-json\/wp\/v2\/media?parent=384"}],"curies":[{"name":"wp","href":"https:\/\/api.w.org\/{rel}","templated":true}]}}