{"id":53,"date":"2021-07-20T18:12:22","date_gmt":"2021-07-20T18:12:22","guid":{"rendered":"https:\/\/habitacioninsanafilms.com\/?page_id=53"},"modified":"2023-06-29T20:36:54","modified_gmt":"2023-06-29T20:36:54","slug":"inicio","status":"publish","type":"page","link":"https:\/\/habitacioninsanafilms.com\/","title":{"rendered":"ABOUT"},"content":{"rendered":"\n<figure class=\"wp-block-embed is-type-video is-provider-youtube wp-block-embed-youtube wp-embed-aspect-16-9 wp-has-aspect-ratio\"><div class=\"wp-block-embed__wrapper\">\n<iframe loading=\"lazy\" title=\"REEL  HABITACI\u00d3N INSANA FILMS\" width=\"920\" height=\"518\" src=\"https:\/\/www.youtube.com\/embed\/2jYKU21kJwE?feature=oembed\" frameborder=\"0\" allow=\"accelerometer; autoplay; clipboard-write; encrypted-media; gyroscope; picture-in-picture; web-share\" allowfullscreen><\/iframe>\n<\/div><\/figure>\n\n\n\n<p class=\"has-text-align-justify has-white-color has-text-color has-normal-font-size\">Ram\u00f3n Poveda Arriati, musician, illustrator, and filmmaker, began his career in the audiovisual world by learning on his own about the different disciplines. His first approach to directing came when he decided to write, direct, and produce his band\u2019s first music video. This was the moment he demonstrated his skills as a director\/producer and opened more doors for him in different projects.<\/p>\n\n\n\n<p class=\"has-text-align-justify has-white-color has-text-color has-normal-font-size\">In 2017, he begins to work on his biggest inspiration so far: Seji, his first film, which also helped create his own production company: Habitaci\u00f3n Insana (Insane Room). This has allowed him to make several projects, such as music videos, YouTube shows and a short film called \u201cLas Ni\u00f1as\u201d (The Girls).<\/p>\n\n\n\n<p class=\"has-small-font-size\">Espa\u00f1ol<\/p>\n\n\n\n<p class=\"has-text-align-justify has-white-color has-text-color has-normal-font-size\">Ram\u00f3n Poveda Arriati, m\u00fasico, ilustrador y cineasta, comienza su carrera en el mundo audiovisual de manera autodidacta, indagando por primera vez en la direcci\u00f3n cuando decide escribir, dirigir y producir el primer videoclip para su banda, experiencia que le demostr\u00f3 su gran afici\u00f3n por la creaci\u00f3n y producci\u00f3n audiovisual y que le abri\u00f3 campo para participar en otros proyectos.<\/p>\n\n\n\n<p class=\"has-text-align-justify has-white-color has-text-color has-normal-font-size\">En 2017 comienza a trabajar en su mayor inspiraci\u00f3n: Seji, su primera pel\u00edcula, con la que adem\u00e1s nace su propia productora: Habitaci\u00f3n Insana Films. Con ella ha realizado hasta la fecha diversos proyectos musicales, videoclips, programas para la plataforma Youtube y un cortometraje llamado &#8220;Las Ni\u00f1as&#8221;.<\/p>\n\n\n\n<figure class=\"wp-block-image size-large\"><img loading=\"lazy\" decoding=\"async\" width=\"1024\" height=\"724\" src=\"https:\/\/habitacioninsanafilms.com\/wp-content\/uploads\/2021\/07\/Foto-Director-Seji-1024x724.jpg\" alt=\"\" class=\"wp-image-103\" srcset=\"https:\/\/habitacioninsanafilms.com\/wp-content\/uploads\/2021\/07\/Foto-Director-Seji-1024x724.jpg 1024w, https:\/\/habitacioninsanafilms.com\/wp-content\/uploads\/2021\/07\/Foto-Director-Seji-300x212.jpg 300w, https:\/\/habitacioninsanafilms.com\/wp-content\/uploads\/2021\/07\/Foto-Director-Seji-768x543.jpg 768w, https:\/\/habitacioninsanafilms.com\/wp-content\/uploads\/2021\/07\/Foto-Director-Seji-1536x1086.jpg 1536w, https:\/\/habitacioninsanafilms.com\/wp-content\/uploads\/2021\/07\/Foto-Director-Seji-2048x1448.jpg 2048w\" sizes=\"auto, (max-width: 1024px) 100vw, 1024px\" \/><\/figure>\n","protected":false},"excerpt":{"rendered":"<p>Ram\u00f3n Poveda Arriati, musician, illustrator, and filmmaker, began his career in the audiovisual world by learning on his own about the different disciplines. His first approach to directing came when<\/p>\n<p class=\"more-link\"><a href=\"https:\/\/habitacioninsanafilms.com\/\" class=\"readmore\">Continue reading<svg class=\"icon icon-arrow-right\" aria-hidden=\"true\" role=\"img\"> <use href=\"#icon-arrow-right\" xlink:href=\"#icon-arrow-right\"><\/use> <\/svg><span class=\"screen-reader-text\">ABOUT<\/span><\/a><\/p>\n","protected":false},"author":1,"featured_media":0,"parent":0,"menu_order":0,"comment_status":"closed","ping_status":"closed","template":"","meta":{"footnotes":""},"class_list":["post-53","page","type-page","status-publish","hentry"],"jetpack_sharing_enabled":true,"_links":{"self":[{"href":"https:\/\/habitacioninsanafilms.com\/index.php\/wp-json\/wp\/v2\/pages\/53","targetHints":{"allow":["GET"]}}],"collection":[{"href":"https:\/\/habitacioninsanafilms.com\/index.php\/wp-json\/wp\/v2\/pages"}],"about":[{"href":"https:\/\/habitacioninsanafilms.com\/index.php\/wp-json\/wp\/v2\/types\/page"}],"author":[{"embeddable":true,"href":"https:\/\/habitacioninsanafilms.com\/index.php\/wp-json\/wp\/v2\/users\/1"}],"replies":[{"embeddable":true,"href":"https:\/\/habitacioninsanafilms.com\/index.php\/wp-json\/wp\/v2\/comments?post=53"}],"version-history":[{"count":6,"href":"https:\/\/habitacioninsanafilms.com\/index.php\/wp-json\/wp\/v2\/pages\/53\/revisions"}],"predecessor-version":[{"id":359,"href":"https:\/\/habitacioninsanafilms.com\/index.php\/wp-json\/wp\/v2\/pages\/53\/revisions\/359"}],"wp:attachment":[{"href":"https:\/\/habitacioninsanafilms.com\/index.php\/wp-json\/wp\/v2\/media?parent=53"}],"curies":[{"name":"wp","href":"https:\/\/api.w.org\/{rel}","templated":true}]}}